{"id":2842,"date":"2013-11-07T07:45:01","date_gmt":"2013-11-07T06:45:01","guid":{"rendered":"http:\/\/culturevisuelle.org\/icones\/biblio"},"modified":"2013-11-07T07:45:01","modified_gmt":"2013-11-07T06:45:01","slug":"biblio","status":"publish","type":"page","link":"https:\/\/histoirevisuelle.fr\/cv\/icones\/biblio\/","title":{"rendered":"Biblio"},"content":{"rendered":"<p><em>S\u00e9minaire \u00ab\u00a0<a href=\"http:\/\/culturevisuelle.org\/icones\/2741\" target=\"_blank\">Iconologie des m\u00e9diacultures<\/a>\u00ab\u00a0, 2013-2014.<\/em><\/p>\n<p><strong>Bibliographie g\u00e9n\u00e9rale<\/strong><\/p>\n<ul>\n<li> Pierre Bourdieu, <em>La Distinction. Critique sociale du jugement<\/em>, Paris, Minuit, 1979.<\/li>\n<li> Michel de Certeau, <em>L\u2019Invention du quotidien, (1) Arts de faire<\/em> (1980), Paris, Gallimard, 1990.<\/li>\n<li> Joffre Dumazedier, <em>Vers une civilisation du loisir?<\/em> (2e ed. augm.), Paris, \u00e9d. du Seuil, 1972.<\/li>\n<li> Umberto Eco, <em>Du Superman au surhomme<\/em> (1978, trad. de  l&rsquo;italien par Myriem Bouzaher), Paris, Grasset, 1993.<\/li>\n<li> Patrice Flichy, <em>Les Industries de l\u2019imaginaire. Pour une analyse \u00e9conomique des m\u00e9dias<\/em> (2e \u00e9d.), Grenoble, Presses universitaires de Grenoble, 1991.<\/li>\n<li>Carlo Ginzburg, \u201cTraces. Racines d\u2019un paradigme indiciaire\u201d, <em>Mythes, Embl\u00e8mes, Traces. Morphologie et histoire<\/em>, Paris, Flammarion, 1989, p. 139-180.<\/li>\n<li> Vincent Goulet, <em>M\u00e9dias et classes populaires. Les usages ordinaires des informations,<\/em> Paris, INA, 2010.<\/li>\n<li> Richard Hoggart, <em>La Culture du pauvre<\/em> (1957, trad. de l\u2019anglais par F. et J.-Cl. Garcias, J.-Cl. Passeron), Paris, Minuit, 1970.<\/li>\n<li> Hans Robert Jauss, <em>Pour une esth\u00e9tique de la r\u00e9ception<\/em> (1974, trad. de l\u2019allemand par Cl. Maillard), Paris, Gallimard, 1978.<\/li>\n<li> Eric Mac\u00e9, <em>Les Imaginaires m\u00e9diatiques. Une sociologie postcritique des m\u00e9dias<\/em>, Paris, \u00e9d. Amsterdam, 2006.<\/li>\n<\/ul>\n<p><strong>Formes visuelles<\/strong><\/p>\n<ul>\n<li> Roland Barthes, <em>Mythologies<\/em>, Paris, Le Seuil, 1957.<\/li>\n<li>Matthias Bruhn, <em>Bildwirtschaft. Verwaltung und Verwertung der Sichtbarkeit<\/em>, Weimar, VDG Verlag, 2003.<\/li>\n<li> Paul Frosh, <em>The Image Factory. Consumer Culture, Photography and the Visual Content Industrie<\/em>, Oxford, Berg, 2003.<\/li>\n<li>Ernst Gombrich, <em>L\u2019Art et l\u2019illusion. Psychologie de la repr\u00e9sentation picturale<\/em> (1959, tard. de l&rsquo;anglais par Guy Durand), Paris, Gallimard, 2002.<\/li>\n<li> Francis Haskell, <em>La Norme et le caprice. Red\u00e9couvertes en art<\/em> (1976, trad. de l\u2019anglais par R. Fohr), Paris, Flammarion, 1986.<\/li>\n<li> Edgar Morin, <em>Les Stars<\/em> (3e \u00e9d.), Paris, Le Seuil, 1972.<\/li>\n<li> Edgar Morin, <em>L&rsquo;esprit du temps<\/em> (1962, \u00e9d. Eric Mac\u00e9), Paris, Armand Colin, 2008.<\/li>\n<li> Emmanuel Plasseraud, <em>L\u2019Art des foules. Th\u00e9ories de la r\u00e9ception filmique comme ph\u00e9nom\u00e8ne collectif en France (1908-1930)<\/em>, Villeneuve d\u2019Asq, Presses du Septentrion, 2011.<\/li>\n<li> Vanessa Schwartz, <em>It&rsquo;s so French! Hollywood, Paris and the making of Cosmopolitan Film Cultur<\/em>e, Chicago, University of Chicago Press, 2007.<\/li>\n<\/ul>\n<p><strong>A lire sur l&rsquo;Atelier des ic\u00f4nes<\/strong><\/p>\n<ul>\n<li> \u00ab\u00a0<a href=\"http:\/\/culturevisuelle.org\/icones\/470\" target=\"_blank\">La Lune est pour demain. La promesse des images<\/a>\u00a0\u00bb (<em>in<\/em> Alain Dierkens, Gil Bartholeyns, Thomas Golsenne (dir.), <em>La Performance des images<\/em>, \u00e9ditions de l&rsquo;universit\u00e9 de Bruxelles, 2010, p. 169-178).<\/li>\n<li> \u00ab\u00a0<a href=\"http:\/\/culturevisuelle.org\/icones\/207\" target=\"_blank\">M\u00e9tamorphoses de l\u2019\u00e9volution. Le r\u00e9cit d\u2019une image<\/a>\u00ab\u00a0,  8 d\u00e9cembre 2009.<\/li>\n<li>\u00ab\u00a0<a href=\"http:\/\/culturevisuelle.org\/icones\/2500\" target=\"_blank\">Le fant\u00f4me de la grotte, \u0153uvre industrielle<\/a>\u00ab\u00a0, 11 septembre 2012.<\/li>\n<li> \u00ab\u00a0<a href=\"http:\/\/culturevisuelle.org\/icones\/2592\" target=\"_blank\">Croire au P\u00e8re No\u00ebl<\/a>\u00ab\u00a0, 24 d\u00e9cembre 2012.<\/li>\n<\/ul>\n","protected":false},"excerpt":{"rendered":"<p>S\u00e9minaire \u00ab\u00a0Iconologie des m\u00e9diacultures\u00ab\u00a0, 2013-2014. Bibliographie g\u00e9n\u00e9rale Pierre Bourdieu, La Distinction. Critique sociale du jugement, Paris, Minuit, 1979. Michel de Certeau, L\u2019Invention [&hellip;]<\/p>\n","protected":false},"author":1,"featured_media":0,"parent":0,"menu_order":0,"comment_status":"closed","ping_status":"closed","template":"","meta":[],"jetpack_shortlink":"https:\/\/wp.me\/P80eNK-JQ","jetpack-related-posts":[{"id":2910,"url":"https:\/\/histoirevisuelle.fr\/cv\/icones\/publications\/","url_meta":{"origin":2842,"position":0},"title":"Publications","date":"27 janvier 2014","format":false,"excerpt":"Publications r\u00e9centes Paris 14-18. La guerre au quotidien. Photographies de Charles Lansiaux (avec la collaboration d'Emmanuelle Toulet), Paris, Paris Biblioth\u00e8ques, 2014. Catalogue de l'exposition \u201cParis 14-18, la guerre au quotidien. Photographies de Charles Lansiaux\u201d, pr\u00e9sent\u00e9e \u00e0 la Galerie des biblioth\u00e8ques de la Ville de Paris, 22, rue Mahler, Paris 4e,\u2026","rel":"","context":"Dans &quot;Notes&quot;","img":{"alt_text":"","src":"https:\/\/i0.wp.com\/histoirevisuelle.fr\/cv\/icones\/wp-content\/uploads\/2014\/01\/catalogue-Lansiaux200.jpg?resize=350%2C200","width":350,"height":200},"classes":[]}],"_links":{"self":[{"href":"https:\/\/histoirevisuelle.fr\/cv\/icones\/wp-json\/wp\/v2\/pages\/2842"}],"collection":[{"href":"https:\/\/histoirevisuelle.fr\/cv\/icones\/wp-json\/wp\/v2\/pages"}],"about":[{"href":"https:\/\/histoirevisuelle.fr\/cv\/icones\/wp-json\/wp\/v2\/types\/page"}],"author":[{"embeddable":true,"href":"https:\/\/histoirevisuelle.fr\/cv\/icones\/wp-json\/wp\/v2\/users\/1"}],"replies":[{"embeddable":true,"href":"https:\/\/histoirevisuelle.fr\/cv\/icones\/wp-json\/wp\/v2\/comments?post=2842"}],"version-history":[{"count":0,"href":"https:\/\/histoirevisuelle.fr\/cv\/icones\/wp-json\/wp\/v2\/pages\/2842\/revisions"}],"wp:attachment":[{"href":"https:\/\/histoirevisuelle.fr\/cv\/icones\/wp-json\/wp\/v2\/media?parent=2842"}],"curies":[{"name":"wp","href":"https:\/\/api.w.org\/{rel}","templated":true}]}}