{"id":2910,"date":"2014-01-27T23:55:58","date_gmt":"2014-01-27T22:55:58","guid":{"rendered":"http:\/\/culturevisuelle.org\/icones\/?page_id=2910"},"modified":"2014-01-27T23:55:58","modified_gmt":"2014-01-27T22:55:58","slug":"publications","status":"publish","type":"page","link":"http:\/\/histoirevisuelle.fr\/cv\/icones\/publications\/","title":{"rendered":"Publications"},"content":{"rendered":"<p><strong><a href=\"http:\/\/culturevisuelle.org\/icones\/publications\/ville-en-guerre\"><img decoding=\"async\" loading=\"lazy\" class=\"alignleft size-full wp-image-2924\" title=\"catalogue-Lansiaux200\" src=\"http:\/\/histoirevisuelle.fr\/cv\/icones\/wp-content\/uploads\/2014\/01\/catalogue-Lansiaux200.jpg\" alt=\"\" width=\"200\" height=\"201\" srcset=\"http:\/\/histoirevisuelle.fr\/cv\/icones\/wp-content\/uploads\/2014\/01\/catalogue-Lansiaux200.jpg 200w, http:\/\/histoirevisuelle.fr\/cv\/icones\/wp-content\/uploads\/2014\/01\/catalogue-Lansiaux200-150x150.jpg 150w\" sizes=\"(max-width: 200px) 100vw, 200px\" \/><\/a>Publications r\u00e9centes<\/strong><\/p>\n<ul>\n<li> <em>Paris 14-18. La guerre au quotidien. Photographies de Charles Lansiaux<\/em> (avec la collaboration d&rsquo;Emmanuelle Toulet), Paris, Paris Biblioth\u00e8ques, 2014.<\/li>\n<\/ul>\n<p>Catalogue de l&rsquo;exposition \u201c<a href=\"http:\/\/culturevisuelle.org\/icones\/2879\">Paris 14-18, la guerre au quotidien. Photographies de Charles Lansiaux<\/a>\u201d, pr\u00e9sent\u00e9e \u00e0 la Galerie des biblioth\u00e8ques de la Ville de Paris, 22, rue Mahler, Paris 4e, du 15 janvier 2014 au 15 juin 201.<\/p>\n<p><strong>Principaux ouvrages<\/strong><\/p>\n<ul>\n<li><em>L&rsquo;Art de la photographie<\/em>, avec Michel Poivert (dir.), Paris, \u00e9d. Citadelles-Mazenod, 2007 (prix de l&rsquo;acad\u00e9mie des Beaux-Arts; traduction italienne par L. Cetti, Electa, Milan, 2008; traduction espagnole par M. Garcia, Lunwerg, Barcelone, 2009).<\/li>\n<li><em>L\u2019Instant r\u00eav\u00e9, Albert Londe<\/em> (pr\u00e9face de Louis Marin), avec Denis Bernard, N\u00eemes, \u00e9d. Jacqueline Chambon, 1993.<\/li>\n<\/ul>\n<p><strong>Principaux articles<\/strong><\/p>\n<p><em>Histoire de la photographie<\/em><\/p>\n<ul>\n<li>\u00ab\u00a0<a href=\"http:\/\/etudesphotographiques.revues.org\/317\" target=\"_blank\">L\u2019institution du photographique. Le roman de la Soci\u00e9t\u00e9 h\u00e9liographique<\/a>\u00ab\u00a0,\u00a0<em>\u00c9tudes photographiques<\/em>, n\u00b0 12, novembre 2002, p. 37-63 (<a href=\"http:\/\/histoirevisuelle.fr\/cv\/icones\/wp-content\/uploads\/2014\/01\/1_Institutionphotographique.pdf\" target=\"_blank\">pdf<\/a>).<\/li>\n<li>\u00ab\u00a0<a href=\"http:\/\/etudesphotographiques.revues.org\/1004\" target=\"_blank\">Sans retouche. Histoire d&rsquo;un mythe photographique<\/a>\u00ab\u00a0, <em>Etudes photographiques<\/em>, n\u00b0 22, octobre 2008, p. 56-77 (<a href=\"http:\/\/histoirevisuelle.fr\/cv\/icones\/wp-content\/uploads\/2014\/01\/2_Sansretouche.pdf\" target=\"_blank\">pdf<\/a>).<\/li>\n<li> \u00ab\u00a0<a href=\"http:\/\/culturevisuelle.org\/icones\/2609\" target=\"_blank\">Les ic\u00f4nes du photojournalisme, ou la narration visuelle inavouable<\/a>\u00ab\u00a0, in Daniel Dubuisson, Sophie Raux (dir.),\u00a0<em>A perte de vue. Sciences et cultures du visuel<\/em>, Dijon, Presses du R\u00e9el, 2014 (<a href=\"http:\/\/histoirevisuelle.fr\/cv\/icones\/wp-content\/uploads\/2014\/01\/3_iconesphotojournalisme.pdf\" target=\"_blank\">pdf<\/a>).<\/li>\n<\/ul>\n<p><em> Culture num\u00e9rique<\/em><\/p>\n<ul>\n<li> \u00ab\u00a0<a href=\"http:\/\/etudesphotographiques.revues.org\/2832\" target=\"_blank\">L&rsquo;image partag\u00e9e. Comment internet a chang\u00e9 l&rsquo;\u00e9conomie des images<\/a>\u00ab\u00a0,\u00a0<em>Etudes\u00a0photographiques<\/em>, n\u00b0 24, novembre 2009, p. 182-209 (<a href=\"http:\/\/histoirevisuelle.fr\/cv\/icones\/wp-content\/uploads\/2014\/01\/4_Imagepartagee.pdf\" target=\"_blank\">pdf<\/a>).<\/li>\n<li> \u00ab\u00a0<a href=\"http:\/\/culturevisuelle.org\/icones\/2731\" target=\"_blank\">La culture du partage ou la revanche des foules<\/a>\u00ab\u00a0, in Herv\u00e9 Le Crosnier (dir.),\u00a0<em>Culturenum. Jeunesse, culture et \u00e9ducation dans la vague num\u00e9rique<\/em>, Caen, C &amp; F Editions, 2013, p. 163-175 (<a href=\"http:\/\/histoirevisuelle.fr\/cv\/icones\/wp-content\/uploads\/2014\/01\/5_culturepartage.pdf\" target=\"_blank\">pdf<\/a>).<\/li>\n<li> \u00ab\u00a0<a href=\"http:\/\/culturevisuelle.org\/icones\/2966\" target=\"_blank\">L&rsquo;image conversationnelle. Les nouveaux usages de la photographie num\u00e9rique<\/a>\u00ab\u00a0,\u00a0<em>Etudes photographiques<\/em>, n\u00b0 31, printemps 2014, p. 54-71 (<a href=\"http:\/\/histoirevisuelle.fr\/cv\/icones\/wp-content\/uploads\/2014\/03\/EP31_imageconversation.pdf\">pdf<\/a>).<\/li>\n<\/ul>\n<p><em> Culture visuelle<\/em><\/p>\n<ul>\n<li> \u00ab\u00a0<a href=\"http:\/\/culturevisuelle.org\/icones\/470\" target=\"_blank\">La Lune est pour demain. La promesse des images<\/a>\u00ab\u00a0,\u00a0<em>in <\/em>Alain Dierkens, Gil\u00a0Bartholeyns, Thomas Golsenne (dir.),\u00a0<em>La Performance des images<\/em>, \u00e9ditions de\u00a0l&rsquo;universit\u00e9 de Bruxelles, 2010, p. 169-178 (<a href=\"http:\/\/histoirevisuelle.fr\/cv\/icones\/wp-content\/uploads\/2014\/01\/7_lunedemain.pdf\" target=\"_blank\">pdf<\/a>).<\/li>\n<li> \u00ab\u00a0<a href=\"http:\/\/culturevisuelle.org\/icones\/2500\" target=\"_blank\">Le fant\u00f4me de la grotte, \u0153uvre industrielle<\/a>\u00ab\u00a0, Culture Visuelle, 11 septembre 2012 (<a href=\"http:\/\/histoirevisuelle.fr\/cv\/icones\/wp-content\/uploads\/2014\/01\/8_fantomegrotte.pdf\" target=\"_blank\">pdf<\/a>).<\/li>\n<li> \u00ab\u00a0<a href=\"http:\/\/culturevisuelle.org\/icones\/2555\" target=\"_blank\">L&rsquo;exception &lsquo;I want you&rsquo;<\/a>\u00ab\u00a0, Culture Visuelle, 25 novembre 2012 (<a href=\"http:\/\/histoirevisuelle.fr\/cv\/icones\/wp-content\/uploads\/2014\/01\/9_iwantyou.pdf\" target=\"_blank\">pdf<\/a>).<\/li>\n<\/ul>\n<p><em>&gt; <a href=\"http:\/\/andre.gunthert.fr\/index.php\/post\/travaux\" target=\"_blank\">Tous les travaux<\/a><\/em><\/p>\n","protected":false},"excerpt":{"rendered":"<p>Publications r\u00e9centes Paris 14-18. La guerre au quotidien. Photographies de Charles Lansiaux (avec la collaboration d&rsquo;Emmanuelle Toulet), Paris, Paris Biblioth\u00e8ques, 2014. Catalogue [&hellip;]<\/p>\n","protected":false},"author":1,"featured_media":0,"parent":0,"menu_order":0,"comment_status":"closed","ping_status":"closed","template":"","meta":[],"jetpack_shortlink":"https:\/\/wp.me\/P80eNK-KW","jetpack-related-posts":[{"id":2842,"url":"http:\/\/histoirevisuelle.fr\/cv\/icones\/biblio\/","url_meta":{"origin":2910,"position":0},"title":"Biblio","date":"7 novembre 2013","format":false,"excerpt":"S\u00e9minaire \"Iconologie des m\u00e9diacultures\", 2013-2014. Bibliographie g\u00e9n\u00e9rale Pierre Bourdieu, La Distinction. Critique sociale du jugement, Paris, Minuit, 1979. Michel de Certeau, L\u2019Invention du quotidien, (1) Arts de faire (1980), Paris, Gallimard, 1990. Joffre Dumazedier, Vers une civilisation du loisir? (2e ed. augm.), Paris, \u00e9d. du Seuil, 1972. Umberto Eco, Du\u2026","rel":"","context":"Dans &quot;Notes&quot;","img":{"alt_text":"","src":"","width":0,"height":0},"classes":[]},{"id":4,"url":"http:\/\/histoirevisuelle.fr\/cv\/icones\/a-propos\/","url_meta":{"origin":2910,"position":1},"title":"A propos","date":"31 mars 2013","format":false,"excerpt":"Andr\u00e9 Gunthert est historien, enseignant-chercheur en culture visuelle, ma\u00eetre de conf\u00e9rences \u00e0 l'EHESS (contact, Twitter, publications). Ouvert en novembre 2009, L'Atelier des ic\u00f4nes, blog scientifique sp\u00e9cialis\u00e9 dans le domaine des \u00e9tudes visuelles, a ferm\u00e9 ses portes en octobre 2014. L'auteur invite les lecteurs \u00e0 le suivre sur L'image sociale. Le\u2026","rel":"","context":"Article similaire","img":{"alt_text":"","src":"","width":0,"height":0},"classes":[]}],"_links":{"self":[{"href":"http:\/\/histoirevisuelle.fr\/cv\/icones\/wp-json\/wp\/v2\/pages\/2910"}],"collection":[{"href":"http:\/\/histoirevisuelle.fr\/cv\/icones\/wp-json\/wp\/v2\/pages"}],"about":[{"href":"http:\/\/histoirevisuelle.fr\/cv\/icones\/wp-json\/wp\/v2\/types\/page"}],"author":[{"embeddable":true,"href":"http:\/\/histoirevisuelle.fr\/cv\/icones\/wp-json\/wp\/v2\/users\/1"}],"replies":[{"embeddable":true,"href":"http:\/\/histoirevisuelle.fr\/cv\/icones\/wp-json\/wp\/v2\/comments?post=2910"}],"version-history":[{"count":0,"href":"http:\/\/histoirevisuelle.fr\/cv\/icones\/wp-json\/wp\/v2\/pages\/2910\/revisions"}],"wp:attachment":[{"href":"http:\/\/histoirevisuelle.fr\/cv\/icones\/wp-json\/wp\/v2\/media?parent=2910"}],"curies":[{"name":"wp","href":"https:\/\/api.w.org\/{rel}","templated":true}]}}